{"id":3272,"date":"2024-03-20T11:39:19","date_gmt":"2024-03-20T15:39:19","guid":{"rendered":"https:\/\/lajeunesse.ca\/products\/architectural-window\/pvc\/"},"modified":"2024-08-26T10:51:26","modified_gmt":"2024-08-26T14:51:26","slug":"pvc","status":"publish","type":"page","link":"https:\/\/lajeunesse.ca\/en\/products\/architectural-window\/pvc\/","title":{"rendered":"PVC Architectural Window"},"content":{"rendered":"Who said that shapes were outdated?","protected":false},"excerpt":{"rendered":"<p>Les caract\u00e9ristiques des fen\u00eatres tout PVC de la s\u00e9rie 4000 se retrouvent dans la fen\u00eatre architecturale de la Collection D\u2019Autray. Des formes cintr\u00e9es aux formes rectilignes, vous trouverez assur\u00e9ment un agencement pour personnaliser votre projet.<\/p>\n","protected":false},"author":1,"featured_media":929,"parent":3265,"menu_order":0,"comment_status":"closed","ping_status":"closed","template":"page-produit.php","meta":{"footnotes":""},"categories":[28,22],"class_list":["post-3272","page","type-page","status-publish","has-post-thumbnail","hentry","category-collection-dautray-en","category-pvc-en"],"yoast_head":"<!-- This site is optimized with the Yoast SEO plugin v24.6 - https:\/\/yoast.com\/wordpress\/plugins\/seo\/ -->\n<title>PVC Architectural Window - Lajeunesse<\/title>\n<meta name=\"description\" content=\"The characteristics of the all-PVC windows in the Series 4000 are found in the architectural window in the D\u2019Autray Collection. From curved to rectilinear shapes, there is a way to personalize your project.\" \/>\n<meta name=\"robots\" content=\"index, follow, max-snippet:-1, max-image-preview:large, max-video-preview:-1\" \/>\n<link rel=\"canonical\" href=\"https:\/\/lajeunesse.ca\/produits\/fenetre-architecturale\/pvc\/\" \/>\n<meta property=\"og:locale\" content=\"en_US\" \/>\n<meta property=\"og:type\" content=\"article\" \/>\n<meta property=\"og:title\" content=\"PVC Architectural Window - Lajeunesse\" \/>\n<meta property=\"og:description\" content=\"The characteristics of the all-PVC windows in the Series 4000 are found in the architectural window in the D\u2019Autray Collection. From curved to rectilinear shapes, there is a way to personalize your project.\" \/>\n<meta property=\"og:url\" content=\"https:\/\/lajeunesse.ca\/produits\/fenetre-architecturale\/pvc\/\" \/>\n<meta property=\"og:site_name\" content=\"Lajeunesse\" \/>\n<meta property=\"article:modified_time\" content=\"2024-08-26T14:51:26+00:00\" \/>\n<meta property=\"og:image\" content=\"https:\/\/lajeunesse.ca\/wp-content\/uploads\/2024\/02\/hero1.jpg\" \/>\n\t<meta property=\"og:image:width\" content=\"1920\" \/>\n\t<meta property=\"og:image:height\" content=\"880\" \/>\n\t<meta property=\"og:image:type\" content=\"image\/jpeg\" \/>\n<meta name=\"twitter:card\" content=\"summary_large_image\" \/>\n<meta name=\"twitter:label1\" content=\"Est. reading time\" \/>\n\t<meta name=\"twitter:data1\" content=\"1 minute\" \/>\n<script type=\"application\/ld+json\" class=\"yoast-schema-graph\">{\"@context\":\"https:\/\/schema.org\",\"@graph\":[{\"@type\":\"WebPage\",\"@id\":\"https:\/\/lajeunesse.ca\/produits\/fenetre-architecturale\/pvc\/\",\"url\":\"https:\/\/lajeunesse.ca\/produits\/fenetre-architecturale\/pvc\/\",\"name\":\"PVC Architectural Window - Lajeunesse\",\"isPartOf\":{\"@id\":\"https:\/\/lajeunesse.ca\/#website\"},\"primaryImageOfPage\":{\"@id\":\"https:\/\/lajeunesse.ca\/produits\/fenetre-architecturale\/pvc\/#primaryimage\"},\"image\":{\"@id\":\"https:\/\/lajeunesse.ca\/produits\/fenetre-architecturale\/pvc\/#primaryimage\"},\"thumbnailUrl\":\"https:\/\/lajeunesse.ca\/wp-content\/uploads\/2024\/02\/hero1.jpg\",\"datePublished\":\"2024-03-20T15:39:19+00:00\",\"dateModified\":\"2024-08-26T14:51:26+00:00\",\"description\":\"The characteristics of the all-PVC windows in the Series 4000 are found in the architectural window in the D\u2019Autray Collection. From curved to rectilinear shapes, there is a way to personalize your project.\",\"breadcrumb\":{\"@id\":\"https:\/\/lajeunesse.ca\/produits\/fenetre-architecturale\/pvc\/#breadcrumb\"},\"inLanguage\":\"en-US\",\"potentialAction\":[{\"@type\":\"ReadAction\",\"target\":[\"https:\/\/lajeunesse.ca\/produits\/fenetre-architecturale\/pvc\/\"]}]},{\"@type\":\"ImageObject\",\"inLanguage\":\"en-US\",\"@id\":\"https:\/\/lajeunesse.ca\/produits\/fenetre-architecturale\/pvc\/#primaryimage\",\"url\":\"https:\/\/lajeunesse.ca\/wp-content\/uploads\/2024\/02\/hero1.jpg\",\"contentUrl\":\"https:\/\/lajeunesse.ca\/wp-content\/uploads\/2024\/02\/hero1.jpg\",\"width\":1920,\"height\":880},{\"@type\":\"BreadcrumbList\",\"@id\":\"https:\/\/lajeunesse.ca\/produits\/fenetre-architecturale\/pvc\/#breadcrumb\",\"itemListElement\":[{\"@type\":\"ListItem\",\"position\":1,\"name\":\"Accueil\",\"item\":\"https:\/\/lajeunesse.ca\/en\/\"},{\"@type\":\"ListItem\",\"position\":2,\"name\":\"Products\",\"item\":\"https:\/\/lajeunesse.ca\/en\/products\/\"},{\"@type\":\"ListItem\",\"position\":3,\"name\":\"Architectural Window\",\"item\":\"https:\/\/lajeunesse.ca\/produits\/fenetre-architecturale\/\"},{\"@type\":\"ListItem\",\"position\":4,\"name\":\"PVC Architectural Window\"}]},{\"@type\":\"WebSite\",\"@id\":\"https:\/\/lajeunesse.ca\/#website\",\"url\":\"https:\/\/lajeunesse.ca\/\",\"name\":\"Lajeunesse\",\"description\":\"\",\"potentialAction\":[{\"@type\":\"SearchAction\",\"target\":{\"@type\":\"EntryPoint\",\"urlTemplate\":\"https:\/\/lajeunesse.ca\/?s={search_term_string}\"},\"query-input\":{\"@type\":\"PropertyValueSpecification\",\"valueRequired\":true,\"valueName\":\"search_term_string\"}}],\"inLanguage\":\"en-US\"}]}<\/script>\n<!-- \/ Yoast SEO plugin. -->","yoast_head_json":{"title":"PVC Architectural Window - Lajeunesse","description":"The characteristics of the all-PVC windows in the Series 4000 are found in the architectural window in the D\u2019Autray Collection. From curved to rectilinear shapes, there is a way to personalize your project.","robots":{"index":"index","follow":"follow","max-snippet":"max-snippet:-1","max-image-preview":"max-image-preview:large","max-video-preview":"max-video-preview:-1"},"canonical":"https:\/\/lajeunesse.ca\/produits\/fenetre-architecturale\/pvc\/","og_locale":"en_US","og_type":"article","og_title":"PVC Architectural Window - Lajeunesse","og_description":"The characteristics of the all-PVC windows in the Series 4000 are found in the architectural window in the D\u2019Autray Collection. From curved to rectilinear shapes, there is a way to personalize your project.","og_url":"https:\/\/lajeunesse.ca\/produits\/fenetre-architecturale\/pvc\/","og_site_name":"Lajeunesse","article_modified_time":"2024-08-26T14:51:26+00:00","og_image":[{"width":1920,"height":880,"url":"https:\/\/lajeunesse.ca\/wp-content\/uploads\/2024\/02\/hero1.jpg","type":"image\/jpeg"}],"twitter_card":"summary_large_image","twitter_misc":{"Est. reading time":"1 minute"},"schema":{"@context":"https:\/\/schema.org","@graph":[{"@type":"WebPage","@id":"https:\/\/lajeunesse.ca\/produits\/fenetre-architecturale\/pvc\/","url":"https:\/\/lajeunesse.ca\/produits\/fenetre-architecturale\/pvc\/","name":"PVC Architectural Window - Lajeunesse","isPartOf":{"@id":"https:\/\/lajeunesse.ca\/#website"},"primaryImageOfPage":{"@id":"https:\/\/lajeunesse.ca\/produits\/fenetre-architecturale\/pvc\/#primaryimage"},"image":{"@id":"https:\/\/lajeunesse.ca\/produits\/fenetre-architecturale\/pvc\/#primaryimage"},"thumbnailUrl":"https:\/\/lajeunesse.ca\/wp-content\/uploads\/2024\/02\/hero1.jpg","datePublished":"2024-03-20T15:39:19+00:00","dateModified":"2024-08-26T14:51:26+00:00","description":"The characteristics of the all-PVC windows in the Series 4000 are found in the architectural window in the D\u2019Autray Collection. From curved to rectilinear shapes, there is a way to personalize your project.","breadcrumb":{"@id":"https:\/\/lajeunesse.ca\/produits\/fenetre-architecturale\/pvc\/#breadcrumb"},"inLanguage":"en-US","potentialAction":[{"@type":"ReadAction","target":["https:\/\/lajeunesse.ca\/produits\/fenetre-architecturale\/pvc\/"]}]},{"@type":"ImageObject","inLanguage":"en-US","@id":"https:\/\/lajeunesse.ca\/produits\/fenetre-architecturale\/pvc\/#primaryimage","url":"https:\/\/lajeunesse.ca\/wp-content\/uploads\/2024\/02\/hero1.jpg","contentUrl":"https:\/\/lajeunesse.ca\/wp-content\/uploads\/2024\/02\/hero1.jpg","width":1920,"height":880},{"@type":"BreadcrumbList","@id":"https:\/\/lajeunesse.ca\/produits\/fenetre-architecturale\/pvc\/#breadcrumb","itemListElement":[{"@type":"ListItem","position":1,"name":"Accueil","item":"https:\/\/lajeunesse.ca\/en\/"},{"@type":"ListItem","position":2,"name":"Products","item":"https:\/\/lajeunesse.ca\/en\/products\/"},{"@type":"ListItem","position":3,"name":"Architectural Window","item":"https:\/\/lajeunesse.ca\/produits\/fenetre-architecturale\/"},{"@type":"ListItem","position":4,"name":"PVC Architectural Window"}]},{"@type":"WebSite","@id":"https:\/\/lajeunesse.ca\/#website","url":"https:\/\/lajeunesse.ca\/","name":"Lajeunesse","description":"","potentialAction":[{"@type":"SearchAction","target":{"@type":"EntryPoint","urlTemplate":"https:\/\/lajeunesse.ca\/?s={search_term_string}"},"query-input":{"@type":"PropertyValueSpecification","valueRequired":true,"valueName":"search_term_string"}}],"inLanguage":"en-US"}]}},"_links":{"self":[{"href":"https:\/\/lajeunesse.ca\/en\/wp-json\/wp\/v2\/pages\/3272","targetHints":{"allow":["GET"]}}],"collection":[{"href":"https:\/\/lajeunesse.ca\/en\/wp-json\/wp\/v2\/pages"}],"about":[{"href":"https:\/\/lajeunesse.ca\/en\/wp-json\/wp\/v2\/types\/page"}],"author":[{"embeddable":true,"href":"https:\/\/lajeunesse.ca\/en\/wp-json\/wp\/v2\/users\/1"}],"replies":[{"embeddable":true,"href":"https:\/\/lajeunesse.ca\/en\/wp-json\/wp\/v2\/comments?post=3272"}],"version-history":[{"count":4,"href":"https:\/\/lajeunesse.ca\/en\/wp-json\/wp\/v2\/pages\/3272\/revisions"}],"predecessor-version":[{"id":3290,"href":"https:\/\/lajeunesse.ca\/en\/wp-json\/wp\/v2\/pages\/3272\/revisions\/3290"}],"up":[{"embeddable":true,"href":"https:\/\/lajeunesse.ca\/en\/wp-json\/wp\/v2\/pages\/3265"}],"wp:featuredmedia":[{"embeddable":true,"href":"https:\/\/lajeunesse.ca\/en\/wp-json\/wp\/v2\/media\/929"}],"wp:attachment":[{"href":"https:\/\/lajeunesse.ca\/en\/wp-json\/wp\/v2\/media?parent=3272"}],"wp:term":[{"taxonomy":"category","embeddable":true,"href":"https:\/\/lajeunesse.ca\/en\/wp-json\/wp\/v2\/categories?post=3272"}],"curies":[{"name":"wp","href":"https:\/\/api.w.org\/{rel}","templated":true}]}}